{"id":167,"date":"2021-05-20T19:01:19","date_gmt":"2021-05-20T19:01:19","guid":{"rendered":"https:\/\/new.reklamasprodukcija.lv\/?page_id=167"},"modified":"2025-06-10T07:43:14","modified_gmt":"2025-06-10T07:43:14","slug":"kontakti","status":"publish","type":"page","link":"https:\/\/www.reklamasprodukcija.lv\/lv\/kontakti\/","title":{"rendered":"Kontakti"},"content":{"rendered":"<p><strong>Cien\u012bjamie klienti!<\/strong><\/p>\r\n<p><strong>M\u0113s nepie\u0146emam apmekl\u0113t\u0101jus kl\u0101tien\u0113 bez iepriek\u0161\u0113jas vieno\u0161an\u0101s!<\/strong><\/p>\r\n<p><strong>L\u016bdzam sazin\u0101ties ar mums visos jaut\u0101jumos un veikt pas\u016bt\u012bjumus, izmantojot:<\/strong><\/p>\r\n<ul>\r\n<li><strong>vienk\u0101r\u0161o formu <\/strong><\/li>\r\n<\/ul>\r\n<div class=\"wp-block-buttons aligncenter is-layout-flex wp-block-buttons-is-layout-flex\">\r\n<div class=\"wp-block-button is-style-fill\" style=\"text-align: left;\"><a class=\"wp-block-button__link has-black-color has-text-color has-background order-open\" style=\"border-radius: 4px; background-color: #a3ea12;\">NOFORM\u0112T PAS\u016aT\u012aJUMU<\/a><\/div>\r\n<p><\/p>\r\n<\/div>\r\n<ul>\r\n<li><strong><\/strong><strong>e\u2011pastu: <a href=\"mailto:reklamasprodukcija@gmail.com\"><span style=\"color: #ffffff;\">reklamasprodukcija@gmail.com<\/span><\/a><\/strong><\/li>\r\n<li><strong>WhatsApp\/Viber: <span style=\"color: #ffffff;\"><a style=\"color: #ffffff;\" href=\"tel:+37120008826\">+371\u202f20008826<\/a><\/span><\/strong><\/li>\r\n<\/ul>\r\n<p><strong>T\u0101d\u0101 veid\u0101 m\u0113s var\u0113sim \u0101tr\u0101k apstr\u0101d\u0101t j\u016bsu pieteikumus un piev\u0113rst katram klientam pien\u0101c\u012bgu uzman\u012bbu.<\/strong><\/p>\r\n<p><strong>Paldies par sapratni!<\/strong><\/p>\r\n<p>&nbsp;<\/p>\r\n<p><strong>Juridisk\u0101 adrese:<br \/>PR-Pro studija SIA, Imperatora 3-7,<br \/>Daugavpils, Latvija, LV-5400<br \/>Re\u0123. Nr. 41503076484<br \/>HABALV22<br \/>LV16HABA0551042668962<\/strong><\/p>\r\n<p><strong>Ra\u017eotnes adrese:<br \/>PR-PRO studija SIA, Mende\u013cejeva 15, <br \/>Daugavpils, Latvija, LV-5410<br \/>Re\u0123. Nr. 41503076484<br \/>HABALV22<br \/>LV16HABA0551042668962 <br \/><\/strong><\/p>\r\n<!-- \/wp:post-content -->\r\n\r\n<!-- wp:paragraph -->\r\n<p><strong>Darba laiks:<\/strong><br \/>P. O. T. C. P.\u00a0 <strong>9:00 &#8211; 17:00<\/strong><br \/>(12:00 &#8211; 13:00 p\u0101rtraukums)<br \/>Br\u012bvdien\u0101s: <strong>sl\u0113gts<\/strong><\/p>\r\n<!-- \/wp:paragraph -->\r\n\r\n<!-- wp:html -->\r\n<p class=\"contact-page-contacts\"><strong><a href=\"tel:+37120008826\">+371 20008826<\/a> (whatsapp, viber)<br \/><a href=\"tel:+37129711033\">+371 29711033<\/a> (whatsapp, viber)<br \/><a href=\"mailto:reklamasprodukcija@gmail.com\">reklamasprodukcija@gmail.com<\/a><\/strong><\/p>\r\n<!-- \/wp:html -->","protected":false},"excerpt":{"rendered":"<p>Cien\u012bjamie klienti! M\u0113s nepie\u0146emam apmekl\u0113t\u0101jus kl\u0101tien\u0113 bez iepriek\u0161\u0113jas vieno\u0161an\u0101s! L\u016bdzam sazin\u0101ties ar mums visos jaut\u0101jumos un veikt pas\u016bt\u012bjumus, izmantojot: vienk\u0101r\u0161o formu e\u2011pastu: reklamasprodukcija@gmail.com WhatsApp\/Viber: +371\u202f20008826 T\u0101d\u0101 veid\u0101 m\u0113s var\u0113sim \u0101tr\u0101k apstr\u0101d\u0101t j\u016bsu pieteikumus un piev\u0113rst katram klientam pien\u0101c\u012bgu uzman\u012bbu. Paldies par sapratni! &nbsp; Juridisk\u0101 adrese:PR-Pro studija SIA, Imperatora 3-7,Daugavpils, Latvija, LV-5400Re\u0123. Nr. 41503076484HABALV22LV16HABA0551042668962 Ra\u017eotnes adrese:PR-PRO<\/p>\n","protected":false},"author":1,"featured_media":390,"parent":0,"menu_order":0,"comment_status":"closed","ping_status":"closed","template":"page-templates\/contact-page.php","meta":{"om_disable_all_campaigns":false,"inline_featured_image":false,"footnotes":""},"class_list":["post-167","page","type-page","status-publish","has-post-thumbnail","hentry"],"yoast_head":"<!-- This site is optimized with the Yoast SEO plugin v21.8.1 - https:\/\/yoast.com\/wordpress\/plugins\/seo\/ -->\n<title>Kontakti<\/title>\n<meta name=\"description\" content=\"Kontakti. T\u0101lr.: (+371) 20008826. e-mail: pr-studija@inbox.lv, reklamasprodukcija@gmail.com Mende\u013cejeva 15 (3. st\u0101vs). Daugavpils. Latvija\/\" \/>\n<meta name=\"robots\" content=\"index, follow, max-snippet:-1, max-image-preview:large, max-video-preview:-1\" \/>\n<link rel=\"canonical\" href=\"https:\/\/www.reklamasprodukcija.lv\/lv\/kontakti\/\" \/>\n<meta property=\"og:locale\" content=\"lv_LV\" \/>\n<meta property=\"og:type\" content=\"article\" \/>\n<meta property=\"og:title\" content=\"Kontakti\" \/>\n<meta property=\"og:description\" content=\"Kontakti. T\u0101lr.: (+371) 20008826. e-mail: pr-studija@inbox.lv, reklamasprodukcija@gmail.com Mende\u013cejeva 15 (3. st\u0101vs). Daugavpils. Latvija\/\" \/>\n<meta property=\"og:url\" content=\"https:\/\/www.reklamasprodukcija.lv\/lv\/kontakti\/\" \/>\n<meta property=\"og:site_name\" content=\"S\u0101kums\" \/>\n<meta property=\"article:publisher\" content=\"https:\/\/www.facebook.com\/prstudija\" \/>\n<meta property=\"article:modified_time\" content=\"2025-06-10T07:43:14+00:00\" \/>\n<meta property=\"og:image\" content=\"https:\/\/www.reklamasprodukcija.lv\/wp-content\/uploads\/2021\/06\/Contacts_Head.jpg\" \/>\n\t<meta property=\"og:image:width\" content=\"1500\" \/>\n\t<meta property=\"og:image:height\" content=\"844\" \/>\n\t<meta property=\"og:image:type\" content=\"image\/jpeg\" \/>\n<meta name=\"twitter:card\" content=\"summary_large_image\" \/>\n<meta name=\"twitter:label1\" content=\"Est. reading time\" \/>\n\t<meta name=\"twitter:data1\" content=\"1 minute\" \/>\n<script type=\"application\/ld+json\" class=\"yoast-schema-graph\">{\"@context\":\"https:\/\/schema.org\",\"@graph\":[{\"@type\":\"WebPage\",\"@id\":\"https:\/\/www.reklamasprodukcija.lv\/lv\/kontakti\/\",\"url\":\"https:\/\/www.reklamasprodukcija.lv\/lv\/kontakti\/\",\"name\":\"Kontakti\",\"isPartOf\":{\"@id\":\"https:\/\/www.reklamasprodukcija.lv\/#website\"},\"datePublished\":\"2021-05-20T19:01:19+00:00\",\"dateModified\":\"2025-06-10T07:43:14+00:00\",\"description\":\"Kontakti. T\u0101lr.: (+371) 20008826. e-mail: pr-studija@inbox.lv, reklamasprodukcija@gmail.com Mende\u013cejeva 15 (3. st\u0101vs). Daugavpils. Latvija\/\",\"breadcrumb\":{\"@id\":\"https:\/\/www.reklamasprodukcija.lv\/lv\/kontakti\/#breadcrumb\"},\"inLanguage\":\"lv-LV\",\"potentialAction\":[{\"@type\":\"ReadAction\",\"target\":[\"https:\/\/www.reklamasprodukcija.lv\/lv\/kontakti\/\"]}]},{\"@type\":\"BreadcrumbList\",\"@id\":\"https:\/\/www.reklamasprodukcija.lv\/lv\/kontakti\/#breadcrumb\",\"itemListElement\":[{\"@type\":\"ListItem\",\"position\":1,\"name\":\"\u0413\u043b\u0430\u0432\u043d\u0430\u044f \u0441\u0442\u0440\u0430\u043d\u0438\u0446\u0430\",\"item\":\"https:\/\/www.reklamasprodukcija.lv\/lv\/\"},{\"@type\":\"ListItem\",\"position\":2,\"name\":\"Kontakti\"}]},{\"@type\":\"WebSite\",\"@id\":\"https:\/\/www.reklamasprodukcija.lv\/#website\",\"url\":\"https:\/\/www.reklamasprodukcija.lv\/\",\"name\":\"Reklamasprodukcija.lv\",\"description\":\"Rekl\u0101mas produkcija visiem\",\"publisher\":{\"@id\":\"https:\/\/www.reklamasprodukcija.lv\/#organization\"},\"potentialAction\":[{\"@type\":\"SearchAction\",\"target\":{\"@type\":\"EntryPoint\",\"urlTemplate\":\"https:\/\/www.reklamasprodukcija.lv\/?s={search_term_string}\"},\"query-input\":\"required name=search_term_string\"}],\"inLanguage\":\"lv-LV\"},{\"@type\":\"Organization\",\"@id\":\"https:\/\/www.reklamasprodukcija.lv\/#organization\",\"name\":\"PR-Pro studija SIA\",\"url\":\"https:\/\/www.reklamasprodukcija.lv\/\",\"logo\":{\"@type\":\"ImageObject\",\"inLanguage\":\"lv-LV\",\"@id\":\"https:\/\/www.reklamasprodukcija.lv\/#\/schema\/logo\/image\/\",\"url\":\"https:\/\/www.reklamasprodukcija.lv\/wp-content\/uploads\/2021\/11\/prstudija.jpg\",\"contentUrl\":\"https:\/\/www.reklamasprodukcija.lv\/wp-content\/uploads\/2021\/11\/prstudija.jpg\",\"width\":946,\"height\":946,\"caption\":\"PR-Pro studija SIA\"},\"image\":{\"@id\":\"https:\/\/www.reklamasprodukcija.lv\/#\/schema\/logo\/image\/\"},\"sameAs\":[\"https:\/\/www.facebook.com\/prstudija\",\"https:\/\/www.instagram.com\/prstudija\"]}]}<\/script>\n<!-- \/ Yoast SEO plugin. -->","yoast_head_json":{"title":"Kontakti","description":"Kontakti. T\u0101lr.: (+371) 20008826. e-mail: pr-studija@inbox.lv, reklamasprodukcija@gmail.com Mende\u013cejeva 15 (3. st\u0101vs). Daugavpils. Latvija\/","robots":{"index":"index","follow":"follow","max-snippet":"max-snippet:-1","max-image-preview":"max-image-preview:large","max-video-preview":"max-video-preview:-1"},"canonical":"https:\/\/www.reklamasprodukcija.lv\/lv\/kontakti\/","og_locale":"lv_LV","og_type":"article","og_title":"Kontakti","og_description":"Kontakti. T\u0101lr.: (+371) 20008826. e-mail: pr-studija@inbox.lv, reklamasprodukcija@gmail.com Mende\u013cejeva 15 (3. st\u0101vs). Daugavpils. Latvija\/","og_url":"https:\/\/www.reklamasprodukcija.lv\/lv\/kontakti\/","og_site_name":"S\u0101kums","article_publisher":"https:\/\/www.facebook.com\/prstudija","article_modified_time":"2025-06-10T07:43:14+00:00","og_image":[{"width":1500,"height":844,"url":"https:\/\/www.reklamasprodukcija.lv\/wp-content\/uploads\/2021\/06\/Contacts_Head.jpg","type":"image\/jpeg"}],"twitter_card":"summary_large_image","twitter_misc":{"Est. reading time":"1 minute"},"schema":{"@context":"https:\/\/schema.org","@graph":[{"@type":"WebPage","@id":"https:\/\/www.reklamasprodukcija.lv\/lv\/kontakti\/","url":"https:\/\/www.reklamasprodukcija.lv\/lv\/kontakti\/","name":"Kontakti","isPartOf":{"@id":"https:\/\/www.reklamasprodukcija.lv\/#website"},"datePublished":"2021-05-20T19:01:19+00:00","dateModified":"2025-06-10T07:43:14+00:00","description":"Kontakti. T\u0101lr.: (+371) 20008826. e-mail: pr-studija@inbox.lv, reklamasprodukcija@gmail.com Mende\u013cejeva 15 (3. st\u0101vs). Daugavpils. Latvija\/","breadcrumb":{"@id":"https:\/\/www.reklamasprodukcija.lv\/lv\/kontakti\/#breadcrumb"},"inLanguage":"lv-LV","potentialAction":[{"@type":"ReadAction","target":["https:\/\/www.reklamasprodukcija.lv\/lv\/kontakti\/"]}]},{"@type":"BreadcrumbList","@id":"https:\/\/www.reklamasprodukcija.lv\/lv\/kontakti\/#breadcrumb","itemListElement":[{"@type":"ListItem","position":1,"name":"\u0413\u043b\u0430\u0432\u043d\u0430\u044f \u0441\u0442\u0440\u0430\u043d\u0438\u0446\u0430","item":"https:\/\/www.reklamasprodukcija.lv\/lv\/"},{"@type":"ListItem","position":2,"name":"Kontakti"}]},{"@type":"WebSite","@id":"https:\/\/www.reklamasprodukcija.lv\/#website","url":"https:\/\/www.reklamasprodukcija.lv\/","name":"Reklamasprodukcija.lv","description":"Rekl\u0101mas produkcija visiem","publisher":{"@id":"https:\/\/www.reklamasprodukcija.lv\/#organization"},"potentialAction":[{"@type":"SearchAction","target":{"@type":"EntryPoint","urlTemplate":"https:\/\/www.reklamasprodukcija.lv\/?s={search_term_string}"},"query-input":"required name=search_term_string"}],"inLanguage":"lv-LV"},{"@type":"Organization","@id":"https:\/\/www.reklamasprodukcija.lv\/#organization","name":"PR-Pro studija SIA","url":"https:\/\/www.reklamasprodukcija.lv\/","logo":{"@type":"ImageObject","inLanguage":"lv-LV","@id":"https:\/\/www.reklamasprodukcija.lv\/#\/schema\/logo\/image\/","url":"https:\/\/www.reklamasprodukcija.lv\/wp-content\/uploads\/2021\/11\/prstudija.jpg","contentUrl":"https:\/\/www.reklamasprodukcija.lv\/wp-content\/uploads\/2021\/11\/prstudija.jpg","width":946,"height":946,"caption":"PR-Pro studija SIA"},"image":{"@id":"https:\/\/www.reklamasprodukcija.lv\/#\/schema\/logo\/image\/"},"sameAs":["https:\/\/www.facebook.com\/prstudija","https:\/\/www.instagram.com\/prstudija"]}]}},"_links":{"self":[{"href":"https:\/\/www.reklamasprodukcija.lv\/lv\/wp-json\/wp\/v2\/pages\/167","targetHints":{"allow":["GET"]}}],"collection":[{"href":"https:\/\/www.reklamasprodukcija.lv\/lv\/wp-json\/wp\/v2\/pages"}],"about":[{"href":"https:\/\/www.reklamasprodukcija.lv\/lv\/wp-json\/wp\/v2\/types\/page"}],"author":[{"embeddable":true,"href":"https:\/\/www.reklamasprodukcija.lv\/lv\/wp-json\/wp\/v2\/users\/1"}],"replies":[{"embeddable":true,"href":"https:\/\/www.reklamasprodukcija.lv\/lv\/wp-json\/wp\/v2\/comments?post=167"}],"version-history":[{"count":20,"href":"https:\/\/www.reklamasprodukcija.lv\/lv\/wp-json\/wp\/v2\/pages\/167\/revisions"}],"predecessor-version":[{"id":5490,"href":"https:\/\/www.reklamasprodukcija.lv\/lv\/wp-json\/wp\/v2\/pages\/167\/revisions\/5490"}],"wp:featuredmedia":[{"embeddable":true,"href":"https:\/\/www.reklamasprodukcija.lv\/lv\/wp-json\/wp\/v2\/media\/390"}],"wp:attachment":[{"href":"https:\/\/www.reklamasprodukcija.lv\/lv\/wp-json\/wp\/v2\/media?parent=167"}],"curies":[{"name":"wp","href":"https:\/\/api.w.org\/{rel}","templated":true}]}}